{"id":3790,"date":"2013-10-15T10:29:50","date_gmt":"2013-10-15T08:29:50","guid":{"rendered":"https:\/\/www.fuessenaktuell.de\/wordpress\/?page_id=3790"},"modified":"2025-10-30T09:44:52","modified_gmt":"2025-10-30T08:44:52","slug":"impressum-2","status":"publish","type":"page","link":"https:\/\/www.fuessenaktuell.de\/index.php\/impressum-2\/","title":{"rendered":"Impressum"},"content":{"rendered":"<p><strong>SR-Verlag GmbH<br \/>\n<\/strong>K\u00f6nig-Ludwig-Promenade 13 f<br \/>\n87629 F\u00fcssen<br \/>\nTel. 08362\/940174<br \/>\n<a href=\"mailto:redaktion@fuessen-aktuell.de\" target=\"_blank\" rel=\"noopener noreferrer\">redaktion@fuessen-aktuell.de<\/a><\/p>\n<p><strong>Bankverbindung:<br \/>\n<\/strong>Sparkasse Allg\u00e4u<br \/>\nIBAN: DE44 7335 0000 0610 3859 57<br \/>\nSWIFT-BIC: BYLADEM1ALG<\/p>\n<p><strong>Handelsregister:<br \/>\n<\/strong>HRB\u00a0 8400<br \/>\nAmtsgericht Kempten<\/p>\n<p><strong>Umsatzsteueridentifikationsnummer (UStId):<\/strong><br \/>\nDE234420936<\/p>\n<p><strong>Gesch\u00e4ftsf\u00fchrung:<br \/>\n<\/strong>Sabina Riegger<\/p>\n\n\t\t<div class=\"clearfix\"><\/div>\n\t\t<hr style=\"margin-top:20px; margin-bottom:20px;\" class=\"divider divider-solid\">\n\t\n<h4><strong>Haftungshinweis<\/strong><\/h4>\n<p>Trotz sorgf\u00e4ltiger inhaltlicher Kontrolle \u00fcbernehmen wir keine Haftung f\u00fcr die Inhalte externer Links. F\u00fcr den Inhalt der verlinkten Seiten sind ausschlie\u00dflich deren Betreiber verantwortlich.<\/p>\n<h4><strong>Marken und Logos<\/strong><\/h4>\n<p>Alle Marken und Logos, sowie Produkte und Produktbezeichnungen unterliegen uneingeschr\u00e4nkt dem jeweiligen Kennzeichnungsrecht und den Besitzrechten der jeweiligen Eigent\u00fcmer.<\/p>\n<h4><strong>Bildmaterial<\/strong><\/h4>\n<p>S\u00e4mtliches Bild-, Foto-, Grafik-, Video- und Text-Material unterliegt dem Recht\/der Lizenz vom SR-Verlag. Die Weiterverwendung ohne schriftliche Genehmigung ist strikt untersagt.<\/p>\n<h4><strong>Text- und Datamining (Crawling-Ausschluss durch KI \/ AI wie ChatGPT &amp; Co.)<\/strong><\/h4>\n<p>Die SR-Verlag GmbH beh\u00e4lt sich eine Nutzung ihrer Inhalte f\u00fcr kommerzielles Text- und Datamining im Sinne von \u00a7 44b UrhG ausdr\u00fccklich vor. F\u00fcr den Erwerb einer entsprechenden Nutzungslizenz wenden Sie sich bitte an redaktion@fuessen-aktuell.de.<\/p>\n<h4>Quellenangaben f\u00fcr weitere verwendete Bilder und Grafiken:<\/h4>\n<p><a href=\"http:\/\/picjumbo.com\/\" target=\"_blank\" rel=\"noopener noreferrer\">Picjumbo.com<\/a><br \/>\n<a href=\"https:\/\/pixabay.com\/\" target=\"_blank\" rel=\"noopener noreferrer\">Pixabay.com<\/a><br \/>\n<span class=\"removed_link\" title=\"http:\/\/de.fotolia.com\/\">Fotolia.com\/<br \/>\n<a href=\"https:\/\/elements.envato.com\/de\/\" target=\"_blank\" rel=\"noopener\">Envato.com<\/a><br \/>\n<a href=\"https:\/\/www.pexels.com\/de-de\/\" target=\"_blank\" rel=\"noopener\">Pexels.com<\/a><br \/>\n<a href=\"https:\/\/unsplash.com\/de\" target=\"_blank\" rel=\"noopener\">Unsplash.com<\/a><\/span><\/p>\n<h4><strong>Gestaltung, Konzeption &amp; Umsetzung<\/strong><\/h4>\n<p>SR-Verlag GmbH<br \/>\nSven Ademi<br \/>\nK\u00f6nig-Ludwig-Promenade 13f<br \/>\n87629 F\u00fcssen<\/p>\n","protected":false},"excerpt":{"rendered":"<p>SR-Verlag GmbH K\u00f6nig-Ludwig-Promenade 13 f 87629 F\u00fcssen Tel. 08362\/940174 redaktion@fuessen-aktuell.de Bankverbindung: Sparkasse Allg\u00e4u IBAN: DE44 7335 0000 0610 3859 57 SWIFT-BIC: BYLADEM1ALG Handelsregister: HRB\u00a0 8400 Amtsgericht Kempten Umsatzsteueridentifikationsnummer (UStId): DE234420936 Gesch\u00e4ftsf\u00fchrung: Sabina Riegger Haftungshinweis Trotz sorgf\u00e4ltiger inhaltlicher Kontrolle \u00fcbernehmen wir keine Haftung f\u00fcr die Inhalte externer Links. F\u00fcr den Inhalt der verlinkten Seiten sind ausschlie\u00dflich &hellip;<\/p>\n","protected":false},"author":513,"featured_media":0,"parent":0,"menu_order":0,"comment_status":"closed","ping_status":"open","template":"","meta":{"webmentions_disabled_pings":false,"webmentions_disabled":false,"footnotes":""},"class_list":["post-3790","page","type-page","status-publish","hentry"],"jetpack_sharing_enabled":true,"publishpress_future_workflow_manual_trigger":{"enabledWorkflows":[]},"_links":{"self":[{"href":"https:\/\/www.fuessenaktuell.de\/index.php\/wp-json\/wp\/v2\/pages\/3790","targetHints":{"allow":["GET"]}}],"collection":[{"href":"https:\/\/www.fuessenaktuell.de\/index.php\/wp-json\/wp\/v2\/pages"}],"about":[{"href":"https:\/\/www.fuessenaktuell.de\/index.php\/wp-json\/wp\/v2\/types\/page"}],"author":[{"embeddable":true,"href":"https:\/\/www.fuessenaktuell.de\/index.php\/wp-json\/wp\/v2\/users\/513"}],"replies":[{"embeddable":true,"href":"https:\/\/www.fuessenaktuell.de\/index.php\/wp-json\/wp\/v2\/comments?post=3790"}],"version-history":[{"count":0,"href":"https:\/\/www.fuessenaktuell.de\/index.php\/wp-json\/wp\/v2\/pages\/3790\/revisions"}],"wp:attachment":[{"href":"https:\/\/www.fuessenaktuell.de\/index.php\/wp-json\/wp\/v2\/media?parent=3790"}],"curies":[{"name":"wp","href":"https:\/\/api.w.org\/{rel}","templated":true}]}}