{"id":15275,"date":"2017-12-13T11:47:18","date_gmt":"2017-12-13T10:47:18","guid":{"rendered":"https:\/\/www.fuessenaktuell.de\/?page_id=15275"},"modified":"2018-04-26T10:16:04","modified_gmt":"2018-04-26T08:16:04","slug":"datenschutzerklaerung","status":"publish","type":"page","link":"https:\/\/www.fuessenaktuell.de\/index.php\/datenschutzerklaerung\/","title":{"rendered":"Datenschutzerkl\u00e4rung"},"content":{"rendered":"<p>Der Schutz Ihrer personenbezogenen Daten bei der Erhebung, Verarbeitung und Nutzung anl\u00e4sslich Ihres Besuchs auf unserer Homepage ist uns ein wichtiges Anliegen. Ihre Daten werden im Rahmen der gesetzlichen Vorschriften gesch\u00fctzt. Nachfolgend finden Sie Informationen, welche Daten w\u00e4hrend Ihres Besuchs auf der Homepage erfasst und wie diese genutzt werden:<\/p>\n<p>Verantwortliche Stelle im Sinne der Datenschutzgesetze ist:<\/p>\n<p>SR-Verlag GmbH<br \/>\nSven Ademi<br \/>\nK\u00f6nig-Ludwig-Promenade 13 f<br \/>\n87629 F\u00fcssen<br \/>\nTel. 08362\/940174<br \/>\nwebmaster@fuessen-aktuell.de<\/p>\n<p><strong>Erfassung allgemeiner Informationen<br \/>\n<\/strong>Wenn Sie auf unsere Webseite zugreifen, werden automatisch Informationen allgemeiner Natur erfasst. Diese Informationen (Server-Logfiles) beinhalten etwa die Art des Webbrowsers, das verwendete Betriebssystem, den Domainnamen Ihres Internet Service Providers und \u00c4hnliches. Hierbei handelt es sich ausschlie\u00dflich um Informationen, welche keine R\u00fcckschl\u00fcsse auf Ihre Person zulassen. Diese Informationen sind technisch notwendig, um von Ihnen angeforderte Inhalte von Webseiten korrekt auszuliefern und fallen bei Nutzung des Internets zwingend an. Anonyme Informationen dieser Art werden von uns statistisch ausgewertet, um unseren Internetauftritt und die dahinter stehende Technik zu optimieren.<\/p>\n<p>Um die Sicherheit Ihrer Daten bei der \u00dcbertragung zu sch\u00fctzen, verwenden wir dem aktuellen Stand der Technik entsprechende Verschl\u00fcsselungsverfahren (z. B. SSL) \u00fcber HTTPS.<\/p>\n<p><b>Kommentarfunktion<br \/>\n<\/b>Wenn Nutzer Kommentare im Blog hinterlassen, werden neben diesen Angaben auch der Zeitpunkt ihrer Erstellung und der zuvor durch den Webseitenbesucher gew\u00e4hlte Nutzername gespeichert. Dies dient unserer Sicherheit, da wir f\u00fcr widerrechtliche Inhalte auf unserer Webseite belangt werden k\u00f6nnen, auch wenn diese durch Benutzer erstellt wurden.<\/p>\n<p><b>Newsletter<br \/>\n<\/b>Bei der Anmeldung zum Bezug unseres Newsletters werden die von Ihnen angegebenen Daten ausschlie\u00dflich f\u00fcr diesen Zweck verwendet. Abonnenten k\u00f6nnen auch \u00fcber Umst\u00e4nde per E-Mail informiert werden, die f\u00fcr den Dienst oder die Registrierung relevant sind (Beispielsweise \u00c4nderungen des Newsletterangebots oder technische Gegebenheiten).<\/p>\n<p>F\u00fcr eine wirksame Registrierung ben\u00f6tigen wir eine valide E-Mail-Adresse. Um zu \u00fcberpr\u00fcfen, dass eine Anmeldung tats\u00e4chlich durch den Inhaber einer E-Mail Adresse erfolgt, setzen wir das \u201edouble-opt-in\u201c Verfahren ein. Hierzu protokollieren wir die Bestellung des Newsletters, den Versand einer Best\u00e4tigungsmail und den Eingang der hiermit angeforderten Antwort. Weitere Daten werden nicht erhoben. Die Daten werden ausschlie\u00dflich f\u00fcr den Newsletter-Versand verwendet und nicht an Dritte weitergegeben.<\/p>\n<p>Die Einwilligung zur Speicherung Ihrer pers\u00f6nlichen Daten und ihrer Nutzung f\u00fcr den Newsletterversand k\u00f6nnen Sie jederzeit widerrufen. In jedem Newsletter findet sich dazu ein entsprechender Link. Au\u00dferdem k\u00f6nnen Sie sich jederzeit auch direkt auf dieser Webseite abmelden oder uns Ihren entsprechenden Wunsch \u00fcber die am Ende dieses Dokuments angegebene Kontaktm\u00f6glichkeiten mitteilen.<\/p>\n<p><b>Kontaktformular<br \/>\n<\/b>Treten Sie per E-Mail oder Kontaktformular mit uns in Kontakt, werden die von Ihnen gemachten Angaben zum Zwecke der Bearbeitung der Anfrage sowie f\u00fcr m\u00f6gliche Anschlussfragen gespeichert.<\/p>\n<p><b>L\u00f6schung bzw. Sperrung der Daten<br \/>\n<\/b>Wir halten uns an die Grunds\u00e4tze der Datenvermeidung und Datensparsamkeit. Wir speichern Ihre personenbezogenen Daten daher nur so lange, wie dies zur Erreichung der hier genannten Zwecke erforderlich ist oder wie es die vom Gesetzgeber vorgesehenen vielf\u00e4ltigen Speicherfristen vorsehen. Nach Fortfall des jeweiligen Zweckes bzw. Ablauf dieser Fristen werden die entsprechenden Daten routinem\u00e4\u00dfig und entsprechend den gesetzlichen Vorschriften gesperrt oder gel\u00f6scht.<\/p>\n<p><b>Verwendung von Google Analytics<br \/>\n<\/b>Diese Webseite benutzt Google Analytics, einen Webanalysedienst der Google Inc. (\u201eGoogle\u201c). Google Analytics verwendet sog. \u201eCookies\u201c, Textdateien, die auf Ihrem Computer gespeichert werden und die eine Analyse der Benutzung der Webseite durch Sie erm\u00f6glichen. Die durch den Cookie erzeugten Informationen \u00fcber Ihre Benutzung dieser Webseite werden in der Regel an einen Server von Google in den USA \u00fcbertragen und dort gespeichert. Aufgrund der Aktivierung der IP-Anonymisierung auf diesen Webseiten, wird Ihre IP-Adresse von Google jedoch innerhalb von Mitgliedstaaten der Europ\u00e4ischen Union oder in anderen Vertragsstaaten des Abkommens \u00fcber den Europ\u00e4ischen Wirtschaftsraum zuvor gek\u00fcrzt. Nur in Ausnahmef\u00e4llen wird die volle IP-Adresse an einen Server von Google in den USA \u00fcbertragen und dort gek\u00fcrzt. Im Auftrag des Betreibers dieser Webseite wird Google diese Informationen benutzen, um Ihre Nutzung der Webseite auszuwerten, um Reports \u00fcber die Webseitenaktivit\u00e4ten zusammenzustellen und um weitere mit der Webseitennutzung und der Internetnutzung verbundene Dienstleistungen gegen\u00fcber dem Webseitenbetreiber zu erbringen. Die im Rahmen von Google Analytics von Ihrem Browser \u00fcbermittelte IP-Adresse wird nicht mit anderen Daten von Google zusammengef\u00fchrt. Sie k\u00f6nnen die Speicherung der Cookies durch eine entsprechende Einstellung Ihrer Browser-Software verhindern; wir weisen Sie jedoch darauf hin, dass Sie in diesem Fall gegebenenfalls nicht s\u00e4mtliche Funktionen dieser Webseite vollumf\u00e4nglich werden nutzen k\u00f6nnen. Sie k\u00f6nnen dar\u00fcber hinaus die Erfassung der durch das Cookie erzeugten und auf Ihre Nutzung der Webseite bezogenen Daten (inkl. Ihrer IP-Adresse) an Google sowie die Verarbeitung dieser Daten durch Google verhindern, indem sie das unter dem folgenden Link verf\u00fcgbare Browser-Plugin herunterladen und installieren:<\/p>\n<p>Link: <a href=\"http:\/\/tools.google.com\/dlpage\/gaoptout?hl=de\" target=\"_blank\" rel=\"noopener\">Browser Add On zur Deaktivierung von Google Analytics<\/a><\/p>\n<p>Zus\u00e4tzlich oder als Alternative zum Browser-Add-On k\u00f6nnen Sie das Tracking durch Google Analytics auf unseren Seiten unterbinden:\u00a0<a>Hier klicken, um Google Analytics zu deaktivieren<\/a>. Dabei wird ein Opt-Out-Cookie auf Ihrem Ger\u00e4t installiert. Damit wird die Erfassung durch Google Analytics f\u00fcr diese Website und f\u00fcr diesen Browser zuk\u00fcnftig verhindert, so lange der Cookie in Ihrem Browser installiert bleibt.<\/p>\n<p><b>Verwendung von Matamo<br \/>\n<\/b>Diese Webseite benutzt Matamo, eine Open.Source-Software zur statistischen Auswertung von Besucherzugriffen. Matamo verwendet sog. \u201eCookies\u201c, Textdateien, die auf Ihrem Computer gespeichert werden und die eine Analyse der Benutzung der Website durch Sie erm\u00f6glichen.<br \/>\nDie durch den Cookie erzeugten Informationen \u00fcber Ihre Nutzung des Internetangebotes werden auf einem Server in Deutschland gespeichert.<br \/>\nDie IP-Adresse wird unmittelbar nach der Verarbeitung und vor deren Speicherung anonymisiert. Sie haben die M\u00f6glichkeit, die Installation der Cookies durch \u00c4nderung der Einstellung Ihrer Browser-Software zu verhindern. Wir weisen Sie darauf hin, dass bei entsprechender Einstellung eventuell nicht mehr alle Funktionen dieser Website zur Verf\u00fcgung stehen.<\/p>\n<div class=\"brlbs-cmpnt-container brlbs-cmpnt-content-blocker brlbs-cmpnt-with-individual-styles\" data-borlabs-cookie-content-blocker-id=\"default\" data-borlabs-cookie-content=\"PGlmcmFtZSBzdHlsZT0iYm9yZGVyOiAwOyBoZWlnaHQ6IDIwMHB4OyB3aWR0aDogNjAwcHg7IiBzcmM9Imh0dHBzOi8vd2ViYW5hbHl0aWNzLmZ1ZXNzZW5ha3R1ZWxsLmRlL2luZGV4LnBocD9tb2R1bGU9Q29yZUFkbWluSG9tZSZhbXA7YWN0aW9uPW9wdE91dCZhbXA7bGFuZ3VhZ2U9ZGUiIHdpZHRoPSIzMDAiIGhlaWdodD0iMTUwIj48L2lmcmFtZT4=\">\n<div class=\"brlbs-cmpnt-cb-preset-a\">\n<p class=\"brlbs-cmpnt-cb-description\">Sie sehen gerade einen Platzhalterinhalt von <strong>Standard<\/strong>. Um auf den eigentlichen Inhalt zuzugreifen, klicken Sie auf den Button unten. Bitte beachten Sie, dass dabei Daten an Drittanbieter weitergegeben werden.<\/p>\n<div class=\"brlbs-cmpnt-cb-buttons\"> <a class=\"brlbs-cmpnt-cb-btn\" href=\"#\" data-borlabs-cookie-unblock role=\"button\">Inhalt entsperren<\/a> <a class=\"brlbs-cmpnt-cb-btn\" href=\"#\" data-borlabs-cookie-accept-service role=\"button\" style=\"display: none\">Erforderlichen Service akzeptieren und Inhalte entsperren<\/a> <\/div>\n<p> <a class=\"brlbs-cmpnt-cb-provider-toggle\" href=\"#\" data-borlabs-cookie-show-provider-information role=\"button\">Weitere Informationen<\/a> <\/div>\n<\/div>\n<p><b>Social Plugins<br \/>\n<\/b>Wir bieten Ihnen auf unserer Webseite die M\u00f6glichkeit der Nutzung von sog. \u201eSocial-Media-Buttons\u201c an. Zum Schutze Ihrer Daten setzen wir bei der Implementierung auf die L\u00f6sung \u201eShariff\u201c. Hierdurch werden diese Buttons auf der Webseite lediglich als Grafik eingebunden, die eine Verlinkung auf die entsprechende Webseite des Button-Anbieters enth\u00e4lt. Durch Anklicken der Grafik werden Sie somit zu den Diensten der jeweiligen Anbieter weitergeleitet. Erst dann werden Ihre Daten an die jeweiligen Anbieter gesendet. Sofern Sie die Grafik nicht anklicken, findet keinerlei Austausch zwischen Ihnen und den Anbietern der Social-Media-Buttons statt. Informationen \u00fcber die Erhebung und Verwendung Ihrer Daten in den sozialen Netzwerken finden Sie in den jeweiligen Nutzungsbedingungen der entsprechenden Anbieter. Mehr Informationen zur Shariff-L\u00f6sung finden Sie hier: <a href=\"http:\/\/www.heise.de\/ct\/artikel\/Shariff-Social-Media-Buttons-mit-Datenschutz-2467514.html\" target=\"_blank\" rel=\"noopener\">http:\/\/www.heise.de\/ct\/artikel\/Shariff-Social-Media-Buttons-mit-Datenschutz-2467514.html<\/a><\/p>\n<p>Wir haben auf unserer Website die Social-Media-Buttons folgender Unternehmen eingebunden:<\/p>\n<p>Facebook Inc. (1601 S. California Ave &#8211; Palo Alto &#8211; CA 94304 &#8211; USA) &#8211;\u00a0(<a href=\"http:\/\/www.facebook.com\/\" target=\"_blank\" rel=\"noopener\">www.facebook.com<\/a>)<br \/>\nTwitter Inc. (795 Folsom St. &#8211; Suite 600 &#8211; San Francisco &#8211; CA 94107 &#8211; USA) &#8211; (<a href=\"http:\/\/www.twitter.com\" target=\"_blank\" rel=\"noopener\">www.twitter.com<\/a>)<br \/>\nGoogle Plus\/Google Inc. (1600 Amphitheatre Parkway &#8211; Mountain View &#8211; CA 94043 &#8211; USA) &#8211;\u00a0(<a href=\"http:\/\/www.google.com\" target=\"_blank\" rel=\"noopener\">www.google.com<\/a>)<br \/>\nWhatsapp<\/p>\n<p>Der Button von Google ist mit dem Zusatz \/ Logo &#8222;+1\u2033 gekennzeichnet. Den Button von Facebook auf unserer Website erkennt man an dem wei\u00dfen &#8222;f&#8220; auf blauer Kachel oder an dem &#8222;Daumen hoch&#8220;-Zeichen. Den Twitter-Button erkennt man am blauen Vogel oder der Bezeichnung Twitter.<\/p>\n<p>Wer eine Webseite mit einem sozialen Plug-In aufruft, erm\u00f6glicht es den sozialen Netzwerken wie Facebook, Twitter oder Google, verschiedene Daten zu erheben. Dazu geh\u00f6ren u.a. das Datum und die Uhrzeit des Besuchs auf der betreffenden Webseite, die Internetadresse oder URL, auf der sich der Besucher befindet sowie technische Daten \u00fcber die IP-Adresse, den verwendeten Browser und das verwendete Betriebssystem des Besuchers zudem die Nutzerkennnummer, wenn der Besucher auf Twitter, Facebook oder Google eingeloggt ist. In diesem Fall kann Facebook den Besuch Ihrem Facebook-Konto oder Google-Konto zuordnen. Informationen zur Datenerhebung und Nutzung entnehmen Sie bitte den Datenverwendungsrichtlinien von Facebook (<a href=\"https:\/\/www.facebook.com\/help\/?faq=186325668085084\" target=\"_blank\" rel=\"noopener\">www.facebook.com\/help\/?faq=17512<\/a> und <a href=\"https:\/\/www.facebook.com\/about\/privacy\/\" target=\"_blank\" rel=\"noopener\">www.facebook.com\/about\/privacy\/<\/a>) und Datenschutzrichtlinien von Google (<a href=\"http:\/\/www.google.com\/intl\/en\/policies\/privacy\/\" target=\"_blank\" rel=\"noopener\">www.google.com\/intl\/en\/+\/policy\/+1button.html<\/a>), sowie den Datenschutzrichtlinien von Twitter (<a href=\"https:\/\/twitter.com\/privacy\" target=\"_blank\" rel=\"noopener\">https:\/\/twitter.com\/privacy<\/a>).<\/p>\n<p><strong>Cookies<br \/>\n<\/strong>Wie viele andere Webseiten verwenden wir auch so genannte \u201eCookies\u201c. Cookies sind kleine Textdateien, die von einem Webseitenserver auf Ihre Festplatte \u00fcbertragen werden. Hierdurch erhalten wir automatisch bestimmte Daten wie z. B. IP-Adresse, verwendeter Browser, Betriebssystem \u00fcber Ihren Computer und Ihre Verbindung zum Internet.<\/p>\n<p>Cookies k\u00f6nnen nicht verwendet werden, um Programme zu starten oder Viren auf einen Computer zu \u00fcbertragen. Anhand der in Cookies enthaltenen Informationen k\u00f6nnen wir Ihnen die Navigation erleichtern und die korrekte Anzeige unserer Webseiten erm\u00f6glichen.<\/p>\n<p>In keinem Fall werden die von uns erfassten Daten an Dritte weitergegeben oder ohne Ihre Einwilligung eine Verkn\u00fcpfung mit personenbezogenen Daten hergestellt.<\/p>\n<p>Nat\u00fcrlich k\u00f6nnen Sie unsere Website grunds\u00e4tzlich auch ohne Cookies betrachten. Internet-Browser sind regelm\u00e4\u00dfig so eingestellt, dass sie Cookies akzeptieren. Sie k\u00f6nnen die Verwendung von Cookies jederzeit \u00fcber die Einstellungen Ihres Browsers deaktivieren. Bitte verwenden Sie die Hilfefunktionen Ihres Internetbrowsers, um zu erfahren, wie Sie diese Einstellungen \u00e4ndern k\u00f6nnen. Bitte beachten Sie, dass einzelne Funktionen unserer Website m\u00f6glicherweise nicht funktionieren, wenn Sie die Verwendung von Cookies deaktiviert haben.<\/p>\n<p><strong>Ihre Rechte auf Auskunft, Berichtigung, Sperre, L\u00f6schung und Widerspruch<br \/>\n<\/strong>Sie haben das Recht, jederzeit Auskunft \u00fcber Ihre bei uns gespeicherten personenbezogenen Daten zu erhalten. Ebenso haben Sie das Recht auf Berichtigung, Sperrung oder, abgesehen von der vorgeschriebenen Datenspeicherung zur Gesch\u00e4ftsabwicklung, L\u00f6schung Ihrer personenbezogenen Daten. Bitte wenden Sie sich dazu an unseren Datenschutzbeauftragten. Die Kontaktdaten finden Sie ganz unten.<\/p>\n<p>Damit eine Sperre von Daten jederzeit ber\u00fccksichtigt werden kann, m\u00fcssen diese Daten zu Kontrollzwecken in einer Sperrdatei vorgehalten werden. Sie k\u00f6nnen auch die L\u00f6schung der Daten verlangen, soweit keine gesetzliche Archivierungsverpflichtung besteht. Soweit eine solche Verpflichtung besteht, sperren wir Ihre Daten auf Wunsch.<\/p>\n<p>Sie k\u00f6nnen \u00c4nderungen oder den Widerruf einer Einwilligung durch entsprechende Mitteilung an uns mit Wirkung f\u00fcr die Zukunft vornehmen.<\/p>\n<p><strong>\u00c4nderung unserer Datenschutzbestimmungen<br \/>\n<\/strong>Wir behalten uns vor, diese Datenschutzerkl\u00e4rung gelegentlich anzupassen, damit sie stets den aktuellen rechtlichen Anforderungen entspricht oder um \u00c4nderungen unserer Leistungen in der Datenschutzerkl\u00e4rung umzusetzen, z. B. bei der Einf\u00fchrung neuer Services. F\u00fcr Ihren erneuten Besuch gilt dann die neue Datenschutzerkl\u00e4rung.<\/p>\n<p><strong>Fragen an den Datenschutzbeauftragten<br \/>\n<\/strong>Wenn Sie Fragen zum Datenschutz haben, schreiben Sie uns bitte eine E-Mail oder wenden Sie sich direkt an unseren Datenschutzbeauftragten:<\/p>\n<p>Kontaktdaten:<br \/>\nSven Ademi<br \/>\nwebmaster@fuessen-aktuell.de<\/p>\n<p><em>Die Datenschutzerkl\u00e4rung wurde mit dem <a href=\"https:\/\/www.activemind.de\/datenschutz\/datenschutzhinweis-generator\/\">Datenschutzerkl\u00e4rungs-Generator der activeMind AG erstellt<\/a>.<\/em><\/p>\n<p>&nbsp;<\/p>\n\n\t\t<div class=\"clearfix\"><\/div>\n\t\t<hr style=\"margin-top:20px; margin-bottom:20px;\" class=\"divider divider-solid\">\n\t\n<h4><strong>Allgemeine Nutzungsbedingungen<\/strong><\/h4>\n<ul>\n<li>Alle Informationen dieser Web-Seite werden wie angegeben ohne Anspruch auf Richtigkeit, Vollst\u00e4ndigkeit oder Aktualit\u00e4t zur Verf\u00fcgung gestellt.<\/p>\n<\/li>\n<li>\n<p>Wenn nicht ausdr\u00fccklich anderweitig in dieser Publikation zu verstehen gegeben, und zwar in Zusammenhang mit einem bestimmten Ausschnitt, einer Datei, oder einem Dokument, ist jedermann dazu berechtigt, dieses Dokument anzusehen, zu kopieren, zu drucken und zu verteilen, unter den folgenden Bedingungen:<br \/>\nDas Dokument darf nur f\u00fcr nichtkommerzielle Informationszwecke genutzt werden. Jede Kopie dieses Dokuments oder eines Teils davon muss diese urheberrechtliche Erkl\u00e4rung und das urheberrechtliche Schutzzeichen des Betreibers enthalten. Das Dokument, jede Kopie des Dokuments oder eines Teils davon d\u00fcrfen nicht ohne schriftliche Zustimmung des Betreibers ver\u00e4ndert werden. Der Betreiber beh\u00e4lt sich das Recht vor, diese Genehmigung jederzeit zu widerrufen, und jede Nutzung muss sofort eingestellt werden, sobald eine schriftliche Bekanntmachung seitens des Betreibers ver\u00f6ffentlicht wird.<\/p>\n<\/li>\n<li>\n<p>Die Website F\u00fcssen aktuell steht Ihnen &#8211; soweit nicht anders vereinbart &#8211; kostenlos zur Verf\u00fcgung. Die Betreiber \u00fcbernehmen keinerlei Gew\u00e4hr f\u00fcr Richtigkeit der enthaltenen Informationen, Verf\u00fcgbarkeit der Dienste, Verlust von auf F\u00fcssen aktuell abgespeicherten Daten oder Nutzbarkeit f\u00fcr irgendeinen bestimmten Zweck.<\/p>\n<\/li>\n<\/ul>\n<p>Die Betreiber haften auch nicht f\u00fcr Folgesch\u00e4den, die auf einer Nutzung des Angebotes beruhen.<br \/>\n* Soweit ein Haftungsausschluss nicht in Betracht kommt, haften die Betreiber lediglich f\u00fcr grobe Fahrl\u00e4ssigkeit und Vorsatz. Produkt- und Firmennamen sind Marken der jeweiligen Eigent\u00fcmer und werden auf diesen Seiten ausschlie\u00dflich zu Informationszwecken eingesetzt.<br \/>\nDiese Publikation k\u00f6nnte technische oder andere Ungenauigkeiten enthalten oder Schreib- oder Tippfehler. Von Zeit zu Zeit werden der vorliegenden Information \u00c4nderungen hinzugef\u00fcgt; diese \u00c4nderungen werden in neuen Ausgaben der Publikation eingef\u00fcgt. Der Betreiber kann jederzeit Verbesserungen und\/oder Ver\u00e4nderungen an den Angeboten vornehmen, die in dieser Publikation beschrieben werden.<\/p>\n<ul>\n<li>Aufgrund der sich st\u00e4ndig ver\u00e4ndernden Inhalte bei Kommentaren und im Forum ist es dem Betreiber nicht m\u00f6glich, alle Beitr\u00e4ge l\u00fcckenlos zu sichten, inhaltlich zu pr\u00fcfen und die unmittelbare aktive Kontrolle dar\u00fcber auszu\u00fcben. Es wird keine Verantwortung f\u00fcr den Inhalt, die Korrektheit und die Form der eingestellten Beitr\u00e4ge \u00fcbernommen.<\/p>\n<\/li>\n<li>\n<p>Mit der Anmeldung bei F\u00fcssen aktuell erkl\u00e4rt sich der Nutzer &#8211; nachfolgend \u00bbMitglied\u00ab gegen\u00fcber dem Betreiber mit folgenden Nutzungsbedingungen einverstanden:<br \/>\nMitglieder, die sich an Diskussionsforen und Kommentaren beteiligen, verpflichten sich dazu,<\/p>\n<\/li>\n<\/ul>\n<p>1.) Sich in Ihren Beitr\u00e4gen jeglicher Beleidigungen, strafbarer Inhalte, Pornographie und grober Ausdrucksweise zu enthalten,<br \/>\n2.) Die alleinige Verantwortung f\u00fcr die von ihnen eingestellten Inhalte zu tragen, Rechte Dritter (insbesondere Marken-, Urheber- und Pers\u00f6nlichkeitsrechte) nicht zu verletzen und die Betreiber von \u00bbF\u00fcssen aktuell\u00ab von durch ihre Beitr\u00e4ge ausgel\u00f6sten Anspr\u00fcchen Dritter vollst\u00e4ndig freizustellen.<br \/>\n3.) Weder in Foren noch in Kommentaren Werbung irgendwelcher Art einzustellen oder Foren und Kommentare zu irgendeiner Art gewerblicher T\u00e4tigkeit zu nutzen. Insbesondere gilt das f\u00fcr die Ver\u00f6ffentlichung von \u00bb0900\u00ab-Rufnummern zu irgendeinem Zweck.<\/p>\n<p>Es besteht keinerlei Anspruch auf die Ver\u00f6ffentlichung von eingereichten Kommentaren oder Forenbeitr\u00e4gen. Die Betreiber von \u00bbF\u00fcssen aktuell\u00ab behalten sich vor, Kommentare und Forenbeitr\u00e4ge nach eigenem Ermessen zu editieren oder zu l\u00f6schen. Bei Verletzungen der Pflichten unter 1), 2) und 3) behalten sich die Betreiber ferner vor, die Mitgliedschaft zeitlich begrenzt zu sperren oder dauernd zu l\u00f6schen. Soweit das Mitglied von der M\u00f6glichkeit Gebrauch macht, eigene Beitr\u00e4ge f\u00fcr redaktionellen Teil von \u00bbF\u00fcssen aktuell\u00ab einzureichen, gilt Folgendes:<\/p>\n<p>Voraussetzung f\u00fcr das Posten eigener Beitr\u00e4ge ist, dass das Mitglied seinen vollst\u00e4ndigen und korrekten Vor- und Nachnamen in sein \u00bbF\u00fcssen aktuell\u00ab &#8211; Benutzerprofil eingetragen hat oder nach dem Einreichen des Artikels dort eintr\u00e4gt. Mit dem dort eingetragenen Namen wird der eingereichte Beitrag bei Ver\u00f6ffentlichung (\u00f6ffentlich) gekennzeichnet.<br \/>\nDas Mitglied gibt f\u00fcr alle Beitr\u00e4ge, die von ihm oder ihr zuk\u00fcnftig auf \u00bbF\u00fcssen aktuell\u00ab eingereicht werden, folgende Erkl\u00e4rungen ab:<\/p>\n<p>Das Mitglied versichert, das die eingereichten Beitr\u00e4ge frei von Rechten Dritter, insbesondere Urheber-, Marken- oder Pers\u00f6nlichkeitsrechten sind. Dies gilt f\u00fcr alle eingereichten Beitr\u00e4ge und Bildwerke.<\/p>\n<p>Das Mitglied r\u00e4umt den Betreibern von \u00bbF\u00fcssen aktuell\u00ab ein uneingeschr\u00e4nktes Nutzungsrecht an den eingereichten Beitr\u00e4gen ein. Dieses umfasst die Ver\u00f6ffentlichung im Internet auf \u00bbF\u00fcssen aktuell\u00ab sowie auf anderen Internetservern, in Newslettern, Printmedien und anderen Publikationen.<\/p>\n<p>Eingereichte Beitr\u00e4ge werden auf Verlangen des Mitgliedes per E-Mail an die Adresse des Webmasters wieder gel\u00f6scht bzw. anonymisiert. Die L\u00f6schung bzw. Anonymisierung erfolgt innerhalb von 7 Tagen nach der Mitteilung. F\u00fcr Folgesch\u00e4den, die dem Mitglied aus der versp\u00e4teten L\u00f6schung des Beitrages entstehen haften die Betreiber nur insoweit, als sie nicht auf einer Pflichtverletzung des Mitgliedes (oben unter 1), 2) und 3) ) und soweit sie dar\u00fcber hinaus auf grobem Verschulden oder Vorsatz der Betreiber von \u00bbF\u00fcssen aktuell\u00ab beruhen. Wir weisen in diesem Zusammenhang ausdr\u00fccklich darauf hin, dass \u00bbF\u00fcssen aktuell\u00ab regelm\u00e4\u00dfig von Suchmaschinen indexiert wird, und dass wir keinen Einfluss darauf haben, ob, wo und wie lange bei uns ver\u00f6ffentlichte Beitr\u00e4ge m\u00f6glicherweise auch nach L\u00f6schung bei \u00bbF\u00fcssen aktuell\u00ab in Datenbanken von Suchmaschinen und Webkatalogen gespeichert werden und abrufbar sind.<\/p>\n<p>Es besteht keinerlei Anspruch auf Speicherung, Ver\u00f6ffentlichung oder Archivierung der eingereichten Beitr\u00e4ge. Die Betreiber behalten sich vor, eingereichte Beitr\u00e4ge ohne Angabe von Gr\u00fcnden nicht zu ver\u00f6ffentlichen, vor Ver\u00f6ffentlichung zu editieren oder nach Ver\u00f6ffentlichung nach freiem Ermessen wieder zu l\u00f6schen.<\/p>\n<p>Durch die Ver\u00f6ffentlichung eingereichter Beitr\u00e4ge entstehen keinerlei Verg\u00fctungsanspr\u00fcche (Honorare, Lizenzgeb\u00fchren, Aufwendungsentsch\u00e4digungen oder \u00c4hnliches) des Mitgliedes gegen\u00fcber \u00bbF\u00fcssen aktuell\u00ab. Die Mitarbeit ist ehrenamtlich (unentgeltlich).<\/p>\n<ul>\n<li>\n<p>Sofern innerhalb des Internetangebotes die M\u00f6glichkeit zur Eingabe pers\u00f6nlicher oder gesch\u00e4ftlicher Daten genutzt wird, so erfolgt die Preisgabe dieser Daten seitens des Nutzers auf ausdr\u00fccklich freiwilliger Basis. Die Inanspruchnahme unseres Dienstes ist &#8211; soweit technisch m\u00f6glich und zumutbar &#8211; auch ohne Angabe solcher Daten bzw. unter Angabe anonymisierter Daten oder eines Pseudonyms gestattet.<\/p>\n<\/li>\n<li>\n<p>Der Benutzer ist verpflichtet, die Kombination Benutzername\/Passwort vertraulich zu behandeln und nicht an Dritte weiterzugeben. Bei Verdacht auf Missbrauch der Zugangsdaten ist der Betreiber zu informieren. F\u00fcr Internetseiten Dritter, auf die die dieses Angebot durch sog. Links verweist, tragen die jeweiligen Anbieter die Verantwortung. Der Betreiber ist f\u00fcr den Inhalt solcher Seiten Dritter nicht verantwortlich. Des Weiteren kann die Web-Seite ohne unser Wissen von anderen Seiten mittels sog. Links angelinkt werden. Der Betreiber \u00fcbernimmt keine Verantwortung f\u00fcr Darstellungen, Inhalt oder irgendeine Verbindung zu dieser Web-Seite in Web-Seiten Dritter. F\u00fcr fremde Inhalte ist der Betreiber nur dann verantwortlich, wenn von ihnen (d.h. auch von einem rechtswidrigen oder strafbaren Inhalt) positive Kenntnis vorliegt und es technisch m\u00f6glich und zumutbar ist, deren Nutzung zu verhindern. Der Betreiber ist nach dem Teledienstgesetz jedoch nicht verpflichtet, die fremden Inhalte st\u00e4ndig zu \u00fcberpr\u00fcfen. Fragen rund um F\u00fcssen aktuell bitte an den Webmaster richten.<\/p>\n<\/li>\n<li>\n<p>Diese Allgemeinen Nutzungsbedingungen beziehen sich auf F\u00fcssen aktuell.<br \/>\nSofern Teile oder einzelne Formulierungen dieses Textes der geltenden Rechtslage nicht, nicht mehr oder nicht vollst\u00e4ndig entsprechen sollten, bleiben die \u00fcbrigen Teile des Dokumentes in ihrem Inhalt und ihrer G\u00fcltigkeit davon unber\u00fchrt.<\/p>\n<\/li>\n<\/ul>\n","protected":false},"excerpt":{"rendered":"<p>Der Schutz Ihrer personenbezogenen Daten bei der Erhebung, Verarbeitung und Nutzung anl\u00e4sslich Ihres Besuchs auf unserer Homepage ist uns ein wichtiges Anliegen. Ihre Daten werden im Rahmen der gesetzlichen Vorschriften gesch\u00fctzt. Nachfolgend finden Sie Informationen, welche Daten w\u00e4hrend Ihres Besuchs auf der Homepage erfasst und wie diese genutzt werden: Verantwortliche Stelle im Sinne der Datenschutzgesetze &hellip;<\/p>\n","protected":false},"author":513,"featured_media":0,"parent":0,"menu_order":0,"comment_status":"closed","ping_status":"closed","template":"","meta":{"webmentions_disabled_pings":false,"webmentions_disabled":false,"footnotes":""},"class_list":["post-15275","page","type-page","status-publish","hentry"],"jetpack_sharing_enabled":true,"publishpress_future_workflow_manual_trigger":{"enabledWorkflows":[]},"_links":{"self":[{"href":"https:\/\/www.fuessenaktuell.de\/index.php\/wp-json\/wp\/v2\/pages\/15275","targetHints":{"allow":["GET"]}}],"collection":[{"href":"https:\/\/www.fuessenaktuell.de\/index.php\/wp-json\/wp\/v2\/pages"}],"about":[{"href":"https:\/\/www.fuessenaktuell.de\/index.php\/wp-json\/wp\/v2\/types\/page"}],"author":[{"embeddable":true,"href":"https:\/\/www.fuessenaktuell.de\/index.php\/wp-json\/wp\/v2\/users\/513"}],"replies":[{"embeddable":true,"href":"https:\/\/www.fuessenaktuell.de\/index.php\/wp-json\/wp\/v2\/comments?post=15275"}],"version-history":[{"count":0,"href":"https:\/\/www.fuessenaktuell.de\/index.php\/wp-json\/wp\/v2\/pages\/15275\/revisions"}],"wp:attachment":[{"href":"https:\/\/www.fuessenaktuell.de\/index.php\/wp-json\/wp\/v2\/media?parent=15275"}],"curies":[{"name":"wp","href":"https:\/\/api.w.org\/{rel}","templated":true}]}}