{"id":15271,"date":"2017-12-13T11:28:38","date_gmt":"2017-12-13T10:28:38","guid":{"rendered":"https:\/\/www.fuessenaktuell.de\/?page_id=15271"},"modified":"2022-09-26T12:26:45","modified_gmt":"2022-09-26T10:26:45","slug":"abo-service","status":"publish","type":"page","link":"https:\/\/www.fuessenaktuell.de\/index.php\/abo-service\/","title":{"rendered":"Abo-Service"},"content":{"rendered":"<h2>Abonnement<\/h2>\n<p>Da der Bezug der Zeitschrift normalerweise kostenlos ist, berechnen wir Ihnen lediglich 1,85 Euro Portokosten zzgl. 1,30 Euro Bearbeitungsgeb\u00fchr (= 3,15 Euro pro Ausgabe). Den Gesamtbetrag von 37,80 Euro f\u00fcr 12 Ausgaben buchen wir einmalig j\u00e4hrlich von Ihrem Konto ab. (Bei einem Abonnement ins Ausland erh\u00f6hen sich die Bezugskosten je nach Portogeb\u00fchren geringf\u00fcgig.)<\/p>\n<p>Sobald uns eine von Ihnen ausgef\u00fcllte Einzugserm\u00e4chtigung vorliegt, senden wir Ihnen monatlich die neue Ausgabe der F\u00fcssen aktuell bis auf Widerruf zu. Mindestens jedoch f\u00fcr 12 Ausgaben.<\/p>\n<p>Sollten Sie nach diesen 12 Ausgaben keine Zusendung mehr w\u00fcnschen, bitten wir Sie uns das sp\u00e4testens nach Erhalt der letzten Ausgabe mitzuteilen, ansonsten verl\u00e4ngert sich Ihr Abonnement automatisch um ein weiteres Jahr.<\/p>\n<h4>Erscheinungsweise<\/h4>\n<p>Erster Freitag des jeweils beginnenden Monats. Bei Feiertagen verschiebt sich die Erscheinung um einen Tag nach vorn bzw. nach hinten.<\/p>\n\n\t\t<div class=\"clearfix\"><\/div>\n\t\t<hr style=\"margin-top:20px; margin-bottom:20px;\" class=\"divider divider-solid\">\n\t\n<h2>Verteilungsgebiet<\/h2>\n\n\t\t<div class=\"one_half tie-columns\">\n<h4>S\u00fcdliches Ostallg\u00e4u (Verteilung in Haushalten)<\/h4>\n<p>F\u00fcssen, Wei\u00dfensee, Hopfen am See, Eschach, Erkenbollingen, Pfronten, Schwangau, Nesselwang, Seeg, Ro\u00dfhaupten, Rieden, Hopferau, Eisenberg, Lechbruck, Halblech, R\u00fcckholz.<\/p>\n<h4>Landkreis Weilheim\/Schonagu (Verteilung in Haushalten)<\/h4>\n<p>Steingaden, Prem, Lauterbach, Staltannen, Unterreithen.<\/p>\n<h4>Ausserfern<\/h4>\n<p>Vils.<\/p>\n<h4>Verkehrs\u00e4mter im Ausserfern mit Lechtal, Tannheimer Tal und Jungholz<\/h4>\n<p>Reutte, Vils, Lechaschau, H\u00f6fen, Wei\u00dfenbach, Elmen, Stanzach, H\u00e4selgehr, Elbigenalb, Gr\u00e4n, Z\u00f6blen, Schattwald, Tannheimer Tal, Nesselw\u00e4ngle, Lermoos, Ehrwald, Berwang.<\/p>\n\n\t\t<\/div>\n\t\n\t\t<div class=\"one_half tie-columns last\"><img decoding=\"async\" class=\"alignnone size-large wp-image-15272\" src=\"https:\/\/www.fuessenaktuell.de\/wp-content\/uploads\/2017\/12\/karte_verbreitungsgebiet-881x1024.png\" alt=\"\" width=\"708\" height=\"823\" srcset=\"https:\/\/www.fuessenaktuell.de\/wp-content\/uploads\/2017\/12\/karte_verbreitungsgebiet-881x1024.png 881w, https:\/\/www.fuessenaktuell.de\/wp-content\/uploads\/2017\/12\/karte_verbreitungsgebiet-258x300.png 258w, https:\/\/www.fuessenaktuell.de\/wp-content\/uploads\/2017\/12\/karte_verbreitungsgebiet-17x20.png 17w, https:\/\/www.fuessenaktuell.de\/wp-content\/uploads\/2017\/12\/karte_verbreitungsgebiet.png 1291w\" sizes=\"(max-width: 708px) 100vw, 708px\" \/>\n\t\t<\/div>\n\t\t<div class=\"clearfix\"><\/div>\n\t\n<p>&nbsp;<\/p>\n","protected":false},"excerpt":{"rendered":"<p>Abonnement Da der Bezug der Zeitschrift normalerweise kostenlos ist, berechnen wir Ihnen lediglich 1,85 Euro Portokosten zzgl. 1,30 Euro Bearbeitungsgeb\u00fchr (= 3,15 Euro pro Ausgabe). Den Gesamtbetrag von 37,80 Euro f\u00fcr 12 Ausgaben buchen wir einmalig j\u00e4hrlich von Ihrem Konto ab. (Bei einem Abonnement ins Ausland erh\u00f6hen sich die Bezugskosten je nach Portogeb\u00fchren geringf\u00fcgig.) Sobald &hellip;<\/p>\n","protected":false},"author":513,"featured_media":0,"parent":0,"menu_order":0,"comment_status":"closed","ping_status":"closed","template":"","meta":{"webmentions_disabled_pings":false,"webmentions_disabled":false,"footnotes":""},"class_list":["post-15271","page","type-page","status-publish","hentry"],"jetpack_sharing_enabled":true,"publishpress_future_workflow_manual_trigger":{"enabledWorkflows":[]},"_links":{"self":[{"href":"https:\/\/www.fuessenaktuell.de\/index.php\/wp-json\/wp\/v2\/pages\/15271","targetHints":{"allow":["GET"]}}],"collection":[{"href":"https:\/\/www.fuessenaktuell.de\/index.php\/wp-json\/wp\/v2\/pages"}],"about":[{"href":"https:\/\/www.fuessenaktuell.de\/index.php\/wp-json\/wp\/v2\/types\/page"}],"author":[{"embeddable":true,"href":"https:\/\/www.fuessenaktuell.de\/index.php\/wp-json\/wp\/v2\/users\/513"}],"replies":[{"embeddable":true,"href":"https:\/\/www.fuessenaktuell.de\/index.php\/wp-json\/wp\/v2\/comments?post=15271"}],"version-history":[{"count":0,"href":"https:\/\/www.fuessenaktuell.de\/index.php\/wp-json\/wp\/v2\/pages\/15271\/revisions"}],"wp:attachment":[{"href":"https:\/\/www.fuessenaktuell.de\/index.php\/wp-json\/wp\/v2\/media?parent=15271"}],"curies":[{"name":"wp","href":"https:\/\/api.w.org\/{rel}","templated":true}]}}