{"id":12566,"date":"2016-12-29T10:44:26","date_gmt":"2016-12-29T08:44:26","guid":{"rendered":"https:\/\/www.fuessenaktuell.de\/?page_id=12566"},"modified":"2026-03-25T11:41:33","modified_gmt":"2026-03-25T10:41:33","slug":"lesungen-vortraege","status":"publish","type":"page","link":"https:\/\/www.fuessenaktuell.de\/index.php\/lesungen-vortraege\/","title":{"rendered":"Lesungen &#038; Vortr\u00e4ge"},"content":{"rendered":"<h2>F\u00fcssen<\/h2>\n<p><strong>Jeden Donnerstag<\/strong><br \/>\nLeseLotte f\u00fcr Kinder zwischen vier und sechs Jahren in der Stadtbibliothek um 15.30 Uhr, Eintritt frei.<\/p>\n\n\t\t<div class=\"clearfix\"><\/div>\n\t\t<hr style=\"margin-top:20px; margin-bottom:20px;\" class=\"divider divider-solid\">\n\t\n<h2>Schwangau<\/h2>\n<p><strong>Montag, 6. April<\/strong><br \/>\nKinderlesung: Die Kinder tauchen in eine spannende M\u00e4rchengeschichte ein, die die Autorin Marie Luise Kaiser spielerisch vorliest. Anschlie\u00dfend basteln die Kinder gemeinsam etwas zur Geschichte. Beginn um 16 Uhr im Schlossbrauhaus, keine Anmeldung n\u00f6tig, Eintritt frei.<\/p>\n","protected":false},"excerpt":{"rendered":"<p>F\u00fcssen Jeden Donnerstag LeseLotte f\u00fcr Kinder zwischen vier und sechs Jahren in der Stadtbibliothek um 15.30 Uhr, Eintritt frei. Schwangau Montag, 6. April Kinderlesung: Die Kinder tauchen in eine spannende M\u00e4rchengeschichte ein, die die Autorin Marie Luise Kaiser spielerisch vorliest. Anschlie\u00dfend basteln die Kinder gemeinsam etwas zur Geschichte. Beginn um 16 Uhr im Schlossbrauhaus, keine &hellip;<\/p>\n","protected":false},"author":513,"featured_media":0,"parent":0,"menu_order":0,"comment_status":"closed","ping_status":"open","template":"","meta":{"webmentions_disabled_pings":false,"webmentions_disabled":false,"footnotes":""},"class_list":["post-12566","page","type-page","status-publish","hentry"],"jetpack_sharing_enabled":true,"publishpress_future_workflow_manual_trigger":{"enabledWorkflows":[]},"_links":{"self":[{"href":"https:\/\/www.fuessenaktuell.de\/index.php\/wp-json\/wp\/v2\/pages\/12566","targetHints":{"allow":["GET"]}}],"collection":[{"href":"https:\/\/www.fuessenaktuell.de\/index.php\/wp-json\/wp\/v2\/pages"}],"about":[{"href":"https:\/\/www.fuessenaktuell.de\/index.php\/wp-json\/wp\/v2\/types\/page"}],"author":[{"embeddable":true,"href":"https:\/\/www.fuessenaktuell.de\/index.php\/wp-json\/wp\/v2\/users\/513"}],"replies":[{"embeddable":true,"href":"https:\/\/www.fuessenaktuell.de\/index.php\/wp-json\/wp\/v2\/comments?post=12566"}],"version-history":[{"count":3,"href":"https:\/\/www.fuessenaktuell.de\/index.php\/wp-json\/wp\/v2\/pages\/12566\/revisions"}],"predecessor-version":[{"id":42440,"href":"https:\/\/www.fuessenaktuell.de\/index.php\/wp-json\/wp\/v2\/pages\/12566\/revisions\/42440"}],"wp:attachment":[{"href":"https:\/\/www.fuessenaktuell.de\/index.php\/wp-json\/wp\/v2\/media?parent=12566"}],"curies":[{"name":"wp","href":"https:\/\/api.w.org\/{rel}","templated":true}]}}