{"id":12565,"date":"2016-12-29T10:44:15","date_gmt":"2016-12-29T08:44:15","guid":{"rendered":"https:\/\/www.fuessenaktuell.de\/?page_id=12565"},"modified":"2026-03-25T11:40:32","modified_gmt":"2026-03-25T10:40:32","slug":"theater","status":"publish","type":"page","link":"https:\/\/www.fuessenaktuell.de\/index.php\/theater\/","title":{"rendered":"Theater"},"content":{"rendered":"<h2>Nesselwang<\/h2>\n<p><strong>Samstag, 18. April<\/strong><br \/>\nTheatergemeinde: \u201eNichts geplant, alles m\u00f6glich!\u201c (Wendejacken) in der Alpspitzhalle um 20 Uhr. Alle Infos unter www.pfronten.de\/theater.<\/p>\n\n\t\t<div class=\"clearfix\"><\/div>\n\t\t<hr style=\"margin-top:20px; margin-bottom:20px;\" class=\"divider divider-solid\">\n\t\n<h2>Pfronten<\/h2>\n<p><strong>Montag, 13. M\u00e4rz<\/strong><br \/>\nKamishibai-Papiertheater f\u00fcr Kinder um 16 Uhr in der B\u00fccherei im Heimathaus.<\/p>\n\n\t\t<div class=\"clearfix\"><\/div>\n\t\t<hr style=\"margin-top:20px; margin-bottom:20px;\" class=\"divider divider-solid\">\n\t\n<h2>Schwangau<\/h2>\n<p><strong>Donnerstag, 30. April<\/strong><br \/>\nUli Pickls Wirtshausb\u00fchne spielt \u201eWeiberwirtschaft\u201c im Schlossbrauhaus um 20 Uhr. Alle Infos unter www.schwangau.de.<\/p>\n","protected":false},"excerpt":{"rendered":"<p>Nesselwang Samstag, 18. April Theatergemeinde: \u201eNichts geplant, alles m\u00f6glich!\u201c (Wendejacken) in der Alpspitzhalle um 20 Uhr. Alle Infos unter www.pfronten.de\/theater. Pfronten Montag, 13. M\u00e4rz Kamishibai-Papiertheater f\u00fcr Kinder um 16 Uhr in der B\u00fccherei im Heimathaus. Schwangau Donnerstag, 30. April Uli Pickls Wirtshausb\u00fchne spielt \u201eWeiberwirtschaft\u201c im Schlossbrauhaus um 20 Uhr. Alle Infos unter www.schwangau.de.<\/p>\n","protected":false},"author":513,"featured_media":0,"parent":0,"menu_order":0,"comment_status":"closed","ping_status":"open","template":"","meta":{"webmentions_disabled_pings":false,"webmentions_disabled":false,"footnotes":""},"class_list":["post-12565","page","type-page","status-publish","hentry"],"jetpack_sharing_enabled":true,"publishpress_future_workflow_manual_trigger":{"enabledWorkflows":[]},"_links":{"self":[{"href":"https:\/\/www.fuessenaktuell.de\/index.php\/wp-json\/wp\/v2\/pages\/12565","targetHints":{"allow":["GET"]}}],"collection":[{"href":"https:\/\/www.fuessenaktuell.de\/index.php\/wp-json\/wp\/v2\/pages"}],"about":[{"href":"https:\/\/www.fuessenaktuell.de\/index.php\/wp-json\/wp\/v2\/types\/page"}],"author":[{"embeddable":true,"href":"https:\/\/www.fuessenaktuell.de\/index.php\/wp-json\/wp\/v2\/users\/513"}],"replies":[{"embeddable":true,"href":"https:\/\/www.fuessenaktuell.de\/index.php\/wp-json\/wp\/v2\/comments?post=12565"}],"version-history":[{"count":2,"href":"https:\/\/www.fuessenaktuell.de\/index.php\/wp-json\/wp\/v2\/pages\/12565\/revisions"}],"predecessor-version":[{"id":42439,"href":"https:\/\/www.fuessenaktuell.de\/index.php\/wp-json\/wp\/v2\/pages\/12565\/revisions\/42439"}],"wp:attachment":[{"href":"https:\/\/www.fuessenaktuell.de\/index.php\/wp-json\/wp\/v2\/media?parent=12565"}],"curies":[{"name":"wp","href":"https:\/\/api.w.org\/{rel}","templated":true}]}}